{"id":100,"date":"2023-09-27T16:37:10","date_gmt":"2023-09-27T14:37:10","guid":{"rendered":"https:\/\/www.tds-events.fr\/?page_id=100"},"modified":"2024-07-10T09:26:51","modified_gmt":"2024-07-10T07:26:51","slug":"coordination-devenements-conciergerie","status":"publish","type":"page","link":"https:\/\/www.tds-events.fr\/en\/concierge-event-coordination\/","title":{"rendered":"Event coordination \/ concierge"},"content":{"rendered":"","protected":false},"excerpt":{"rendered":"","protected":false},"author":1,"featured_media":0,"parent":0,"menu_order":0,"comment_status":"closed","ping_status":"closed","template":"model-flex.php","meta":{"_acf_changed":false,"footnotes":""},"class_list":["post-100","page","type-page","status-publish","hentry"],"acf":[],"yoast_head":"<!-- This site is optimized with the Yoast SEO plugin v26.1.1 - https:\/\/yoast.com\/wordpress\/plugins\/seo\/ -->\n<title>Coordination d&#039;\u00e9v\u00e8nements en autocar et conciergerie - TDS Events<\/title>\n<meta name=\"description\" content=\"Services de transport et logistique \u00e9v\u00e9nementielle : autocars, vans, berlines, plus guides et coordinateurs pour vos \u00e9v\u00e9nements.\" \/>\n<meta name=\"robots\" content=\"index, follow, max-snippet:-1, max-image-preview:large, max-video-preview:-1\" \/>\n<link rel=\"canonical\" href=\"https:\/\/www.tds-events.fr\/en\/concierge-event-coordination\/\" \/>\n<meta property=\"og:locale\" content=\"en_US\" \/>\n<meta property=\"og:type\" content=\"article\" \/>\n<meta property=\"og:title\" content=\"Coordination d&#039;\u00e9v\u00e8nements en autocar et conciergerie - TDS Events\" \/>\n<meta property=\"og:description\" content=\"Services de transport et logistique \u00e9v\u00e9nementielle : autocars, vans, berlines, plus guides et coordinateurs pour vos \u00e9v\u00e9nements.\" \/>\n<meta property=\"og:url\" content=\"https:\/\/www.tds-events.fr\/en\/concierge-event-coordination\/\" \/>\n<meta property=\"og:site_name\" content=\"TDS Events\" \/>\n<meta property=\"article:modified_time\" content=\"2024-07-10T07:26:51+00:00\" \/>\n<meta name=\"twitter:card\" content=\"summary_large_image\" \/>\n<script type=\"application\/ld+json\" class=\"yoast-schema-graph\">{\"@context\":\"https:\/\/schema.org\",\"@graph\":[{\"@type\":\"WebPage\",\"@id\":\"https:\/\/www.tds-events.fr\/coordination-devenements-conciergerie\/\",\"url\":\"https:\/\/www.tds-events.fr\/coordination-devenements-conciergerie\/\",\"name\":\"Coordination d'\u00e9v\u00e8nements en autocar et conciergerie - TDS Events\",\"isPartOf\":{\"@id\":\"https:\/\/www.tds-events.fr\/#website\"},\"datePublished\":\"2023-09-27T14:37:10+00:00\",\"dateModified\":\"2024-07-10T07:26:51+00:00\",\"description\":\"Services de transport et logistique \u00e9v\u00e9nementielle : autocars, vans, berlines, plus guides et coordinateurs pour vos \u00e9v\u00e9nements.\",\"breadcrumb\":{\"@id\":\"https:\/\/www.tds-events.fr\/coordination-devenements-conciergerie\/#breadcrumb\"},\"inLanguage\":\"en-US\",\"potentialAction\":[{\"@type\":\"ReadAction\",\"target\":[\"https:\/\/www.tds-events.fr\/coordination-devenements-conciergerie\/\"]}]},{\"@type\":\"BreadcrumbList\",\"@id\":\"https:\/\/www.tds-events.fr\/coordination-devenements-conciergerie\/#breadcrumb\",\"itemListElement\":[{\"@type\":\"ListItem\",\"position\":1,\"name\":\"Accueil\",\"item\":\"https:\/\/www.tds-events.fr\/\"},{\"@type\":\"ListItem\",\"position\":2,\"name\":\"Coordination d\u2019\u00e9v\u00e8nements \/ conciergerie\"}]},{\"@type\":\"WebSite\",\"@id\":\"https:\/\/www.tds-events.fr\/#website\",\"url\":\"https:\/\/www.tds-events.fr\/\",\"name\":\"TDS Events\",\"description\":\"\",\"potentialAction\":[{\"@type\":\"SearchAction\",\"target\":{\"@type\":\"EntryPoint\",\"urlTemplate\":\"https:\/\/www.tds-events.fr\/?s={search_term_string}\"},\"query-input\":{\"@type\":\"PropertyValueSpecification\",\"valueRequired\":true,\"valueName\":\"search_term_string\"}}],\"inLanguage\":\"en-US\"}]}<\/script>\n<!-- \/ Yoast SEO plugin. -->","yoast_head_json":{"title":"Coach Event Coordination and Concierge - TDS Events","description":"Transportation and event logistics services: coaches, vans, sedans, plus guides and coordinators for your events.","robots":{"index":"index","follow":"follow","max-snippet":"max-snippet:-1","max-image-preview":"max-image-preview:large","max-video-preview":"max-video-preview:-1"},"canonical":"https:\/\/www.tds-events.fr\/en\/concierge-event-coordination\/","og_locale":"en_US","og_type":"article","og_title":"Coordination d'\u00e9v\u00e8nements en autocar et conciergerie - TDS Events","og_description":"Services de transport et logistique \u00e9v\u00e9nementielle : autocars, vans, berlines, plus guides et coordinateurs pour vos \u00e9v\u00e9nements.","og_url":"https:\/\/www.tds-events.fr\/en\/concierge-event-coordination\/","og_site_name":"TDS Events","article_modified_time":"2024-07-10T07:26:51+00:00","twitter_card":"summary_large_image","schema":{"@context":"https:\/\/schema.org","@graph":[{"@type":"WebPage","@id":"https:\/\/www.tds-events.fr\/coordination-devenements-conciergerie\/","url":"https:\/\/www.tds-events.fr\/coordination-devenements-conciergerie\/","name":"Coach Event Coordination and Concierge - TDS Events","isPartOf":{"@id":"https:\/\/www.tds-events.fr\/#website"},"datePublished":"2023-09-27T14:37:10+00:00","dateModified":"2024-07-10T07:26:51+00:00","description":"Transportation and event logistics services: coaches, vans, sedans, plus guides and coordinators for your events.","breadcrumb":{"@id":"https:\/\/www.tds-events.fr\/coordination-devenements-conciergerie\/#breadcrumb"},"inLanguage":"en-US","potentialAction":[{"@type":"ReadAction","target":["https:\/\/www.tds-events.fr\/coordination-devenements-conciergerie\/"]}]},{"@type":"BreadcrumbList","@id":"https:\/\/www.tds-events.fr\/coordination-devenements-conciergerie\/#breadcrumb","itemListElement":[{"@type":"ListItem","position":1,"name":"Accueil","item":"https:\/\/www.tds-events.fr\/"},{"@type":"ListItem","position":2,"name":"Coordination d\u2019\u00e9v\u00e8nements \/ conciergerie"}]},{"@type":"WebSite","@id":"https:\/\/www.tds-events.fr\/#website","url":"https:\/\/www.tds-events.fr\/","name":"TDS Events","description":"","potentialAction":[{"@type":"SearchAction","target":{"@type":"EntryPoint","urlTemplate":"https:\/\/www.tds-events.fr\/?s={search_term_string}"},"query-input":{"@type":"PropertyValueSpecification","valueRequired":true,"valueName":"search_term_string"}}],"inLanguage":"en-US"}]}},"_links":{"self":[{"href":"https:\/\/www.tds-events.fr\/en\/wp-json\/wp\/v2\/pages\/100","targetHints":{"allow":["GET"]}}],"collection":[{"href":"https:\/\/www.tds-events.fr\/en\/wp-json\/wp\/v2\/pages"}],"about":[{"href":"https:\/\/www.tds-events.fr\/en\/wp-json\/wp\/v2\/types\/page"}],"author":[{"embeddable":true,"href":"https:\/\/www.tds-events.fr\/en\/wp-json\/wp\/v2\/users\/1"}],"replies":[{"embeddable":true,"href":"https:\/\/www.tds-events.fr\/en\/wp-json\/wp\/v2\/comments?post=100"}],"version-history":[{"count":14,"href":"https:\/\/www.tds-events.fr\/en\/wp-json\/wp\/v2\/pages\/100\/revisions"}],"predecessor-version":[{"id":488,"href":"https:\/\/www.tds-events.fr\/en\/wp-json\/wp\/v2\/pages\/100\/revisions\/488"}],"wp:attachment":[{"href":"https:\/\/www.tds-events.fr\/en\/wp-json\/wp\/v2\/media?parent=100"}],"curies":[{"name":"wp","href":"https:\/\/api.w.org\/{rel}","templated":true}]}}