{"id":108,"date":"2023-09-27T17:08:28","date_gmt":"2023-09-27T15:08:28","guid":{"rendered":"https:\/\/www.tds-events.fr\/?page_id=108"},"modified":"2023-12-04T12:05:42","modified_gmt":"2023-12-04T11:05:42","slug":"contact","status":"publish","type":"page","link":"https:\/\/www.tds-events.fr\/en\/contact\/","title":{"rendered":"Contact"},"content":{"rendered":"","protected":false},"excerpt":{"rendered":"","protected":false},"author":1,"featured_media":0,"parent":0,"menu_order":0,"comment_status":"closed","ping_status":"closed","template":"model-flex.php","meta":{"_acf_changed":false,"footnotes":""},"class_list":["post-108","page","type-page","status-publish","hentry"],"acf":[],"yoast_head":"<!-- This site is optimized with the Yoast SEO plugin v26.1.1 - https:\/\/yoast.com\/wordpress\/plugins\/seo\/ -->\n<title>Contactez TDS Events - Expert en transport \u00e9v\u00e9nementiel<\/title>\n<meta name=\"description\" content=\"Besoin d&#039;organiser des transports pour votre \u00e9v\u00e9nement ? Contactez TDS Events pour des solutions sur mesure en autocars, vans et berlines.\" \/>\n<meta name=\"robots\" content=\"index, follow, max-snippet:-1, max-image-preview:large, max-video-preview:-1\" \/>\n<link rel=\"canonical\" href=\"https:\/\/www.tds-events.fr\/en\/contact\/\" \/>\n<meta property=\"og:locale\" content=\"en_US\" \/>\n<meta property=\"og:type\" content=\"article\" \/>\n<meta property=\"og:title\" content=\"Contactez TDS Events - Expert en transport \u00e9v\u00e9nementiel\" \/>\n<meta property=\"og:description\" content=\"Besoin d&#039;organiser des transports pour votre \u00e9v\u00e9nement ? Contactez TDS Events pour des solutions sur mesure en autocars, vans et berlines.\" \/>\n<meta property=\"og:url\" content=\"https:\/\/www.tds-events.fr\/en\/contact\/\" \/>\n<meta property=\"og:site_name\" content=\"TDS Events\" \/>\n<meta property=\"article:modified_time\" content=\"2023-12-04T11:05:42+00:00\" \/>\n<meta name=\"twitter:card\" content=\"summary_large_image\" \/>\n<script type=\"application\/ld+json\" class=\"yoast-schema-graph\">{\"@context\":\"https:\/\/schema.org\",\"@graph\":[{\"@type\":\"WebPage\",\"@id\":\"https:\/\/www.tds-events.fr\/contact\/\",\"url\":\"https:\/\/www.tds-events.fr\/contact\/\",\"name\":\"Contactez TDS Events - Expert en transport \u00e9v\u00e9nementiel\",\"isPartOf\":{\"@id\":\"https:\/\/www.tds-events.fr\/#website\"},\"datePublished\":\"2023-09-27T15:08:28+00:00\",\"dateModified\":\"2023-12-04T11:05:42+00:00\",\"description\":\"Besoin d'organiser des transports pour votre \u00e9v\u00e9nement ? Contactez TDS Events pour des solutions sur mesure en autocars, vans et berlines.\",\"breadcrumb\":{\"@id\":\"https:\/\/www.tds-events.fr\/contact\/#breadcrumb\"},\"inLanguage\":\"en-US\",\"potentialAction\":[{\"@type\":\"ReadAction\",\"target\":[\"https:\/\/www.tds-events.fr\/contact\/\"]}]},{\"@type\":\"BreadcrumbList\",\"@id\":\"https:\/\/www.tds-events.fr\/contact\/#breadcrumb\",\"itemListElement\":[{\"@type\":\"ListItem\",\"position\":1,\"name\":\"Accueil\",\"item\":\"https:\/\/www.tds-events.fr\/\"},{\"@type\":\"ListItem\",\"position\":2,\"name\":\"Contact\"}]},{\"@type\":\"WebSite\",\"@id\":\"https:\/\/www.tds-events.fr\/#website\",\"url\":\"https:\/\/www.tds-events.fr\/\",\"name\":\"TDS Events\",\"description\":\"\",\"potentialAction\":[{\"@type\":\"SearchAction\",\"target\":{\"@type\":\"EntryPoint\",\"urlTemplate\":\"https:\/\/www.tds-events.fr\/?s={search_term_string}\"},\"query-input\":{\"@type\":\"PropertyValueSpecification\",\"valueRequired\":true,\"valueName\":\"search_term_string\"}}],\"inLanguage\":\"en-US\"}]}<\/script>\n<!-- \/ Yoast SEO plugin. -->","yoast_head_json":{"title":"Contact TDS Events - Expert in event transport","description":"Need to organize transport for your event? Contact TDS Events for tailor-made solutions in coaches, vans and sedans.","robots":{"index":"index","follow":"follow","max-snippet":"max-snippet:-1","max-image-preview":"max-image-preview:large","max-video-preview":"max-video-preview:-1"},"canonical":"https:\/\/www.tds-events.fr\/en\/contact\/","og_locale":"en_US","og_type":"article","og_title":"Contactez TDS Events - Expert en transport \u00e9v\u00e9nementiel","og_description":"Besoin d'organiser des transports pour votre \u00e9v\u00e9nement ? Contactez TDS Events pour des solutions sur mesure en autocars, vans et berlines.","og_url":"https:\/\/www.tds-events.fr\/en\/contact\/","og_site_name":"TDS Events","article_modified_time":"2023-12-04T11:05:42+00:00","twitter_card":"summary_large_image","schema":{"@context":"https:\/\/schema.org","@graph":[{"@type":"WebPage","@id":"https:\/\/www.tds-events.fr\/contact\/","url":"https:\/\/www.tds-events.fr\/contact\/","name":"Contact TDS Events - Expert in event transport","isPartOf":{"@id":"https:\/\/www.tds-events.fr\/#website"},"datePublished":"2023-09-27T15:08:28+00:00","dateModified":"2023-12-04T11:05:42+00:00","description":"Need to organize transport for your event? Contact TDS Events for tailor-made solutions in coaches, vans and sedans.","breadcrumb":{"@id":"https:\/\/www.tds-events.fr\/contact\/#breadcrumb"},"inLanguage":"en-US","potentialAction":[{"@type":"ReadAction","target":["https:\/\/www.tds-events.fr\/contact\/"]}]},{"@type":"BreadcrumbList","@id":"https:\/\/www.tds-events.fr\/contact\/#breadcrumb","itemListElement":[{"@type":"ListItem","position":1,"name":"Accueil","item":"https:\/\/www.tds-events.fr\/"},{"@type":"ListItem","position":2,"name":"Contact"}]},{"@type":"WebSite","@id":"https:\/\/www.tds-events.fr\/#website","url":"https:\/\/www.tds-events.fr\/","name":"TDS Events","description":"","potentialAction":[{"@type":"SearchAction","target":{"@type":"EntryPoint","urlTemplate":"https:\/\/www.tds-events.fr\/?s={search_term_string}"},"query-input":{"@type":"PropertyValueSpecification","valueRequired":true,"valueName":"search_term_string"}}],"inLanguage":"en-US"}]}},"_links":{"self":[{"href":"https:\/\/www.tds-events.fr\/en\/wp-json\/wp\/v2\/pages\/108","targetHints":{"allow":["GET"]}}],"collection":[{"href":"https:\/\/www.tds-events.fr\/en\/wp-json\/wp\/v2\/pages"}],"about":[{"href":"https:\/\/www.tds-events.fr\/en\/wp-json\/wp\/v2\/types\/page"}],"author":[{"embeddable":true,"href":"https:\/\/www.tds-events.fr\/en\/wp-json\/wp\/v2\/users\/1"}],"replies":[{"embeddable":true,"href":"https:\/\/www.tds-events.fr\/en\/wp-json\/wp\/v2\/comments?post=108"}],"version-history":[{"count":10,"href":"https:\/\/www.tds-events.fr\/en\/wp-json\/wp\/v2\/pages\/108\/revisions"}],"predecessor-version":[{"id":216,"href":"https:\/\/www.tds-events.fr\/en\/wp-json\/wp\/v2\/pages\/108\/revisions\/216"}],"wp:attachment":[{"href":"https:\/\/www.tds-events.fr\/en\/wp-json\/wp\/v2\/media?parent=108"}],"curies":[{"name":"wp","href":"https:\/\/api.w.org\/{rel}","templated":true}]}}