{"id":111,"date":"2023-09-27T17:11:43","date_gmt":"2023-09-27T15:11:43","guid":{"rendered":"https:\/\/www.tds-events.fr\/?page_id=111"},"modified":"2025-03-05T12:43:35","modified_gmt":"2025-03-05T11:43:35","slug":"seminaires","status":"publish","type":"page","link":"https:\/\/www.tds-events.fr\/en\/coach-events\/seminars\/","title":{"rendered":"Seminars"},"content":{"rendered":"","protected":false},"excerpt":{"rendered":"","protected":false},"author":1,"featured_media":0,"parent":103,"menu_order":0,"comment_status":"closed","ping_status":"closed","template":"model-flex.php","meta":{"_acf_changed":false,"footnotes":""},"class_list":["post-111","page","type-page","status-publish","hentry"],"acf":[],"yoast_head":"<!-- This site is optimized with the Yoast SEO plugin v26.1.1 - https:\/\/yoast.com\/wordpress\/plugins\/seo\/ -->\n<title>Location d&#039;autocars pour vos s\u00e9minaires - TDS Events<\/title>\n<meta name=\"description\" content=\"D\u00e9couvrez nos services de location d&#039;autocar pour vos s\u00e9minaires dans toute la France. Devis gratuit \u260e\ufe0f 01 40 82 90 86.\" \/>\n<meta name=\"robots\" content=\"index, follow, max-snippet:-1, max-image-preview:large, max-video-preview:-1\" \/>\n<link rel=\"canonical\" href=\"https:\/\/www.tds-events.fr\/en\/coach-events\/seminars\/\" \/>\n<meta property=\"og:locale\" content=\"en_US\" \/>\n<meta property=\"og:type\" content=\"article\" \/>\n<meta property=\"og:title\" content=\"Location d&#039;autocars pour vos s\u00e9minaires - TDS Events\" \/>\n<meta property=\"og:description\" content=\"D\u00e9couvrez nos services de location d&#039;autocar pour vos s\u00e9minaires dans toute la France. Devis gratuit \u260e\ufe0f 01 40 82 90 86.\" \/>\n<meta property=\"og:url\" content=\"https:\/\/www.tds-events.fr\/en\/coach-events\/seminars\/\" \/>\n<meta property=\"og:site_name\" content=\"TDS Events\" \/>\n<meta property=\"article:modified_time\" content=\"2025-03-05T11:43:35+00:00\" \/>\n<meta name=\"twitter:card\" content=\"summary_large_image\" \/>\n<script type=\"application\/ld+json\" class=\"yoast-schema-graph\">{\"@context\":\"https:\/\/schema.org\",\"@graph\":[{\"@type\":\"WebPage\",\"@id\":\"https:\/\/www.tds-events.fr\/evenements-en-autocar\/seminaires\/\",\"url\":\"https:\/\/www.tds-events.fr\/evenements-en-autocar\/seminaires\/\",\"name\":\"Location d'autocars pour vos s\u00e9minaires - TDS Events\",\"isPartOf\":{\"@id\":\"https:\/\/www.tds-events.fr\/#website\"},\"datePublished\":\"2023-09-27T15:11:43+00:00\",\"dateModified\":\"2025-03-05T11:43:35+00:00\",\"description\":\"D\u00e9couvrez nos services de location d'autocar pour vos s\u00e9minaires dans toute la France. Devis gratuit \u260e\ufe0f 01 40 82 90 86.\",\"breadcrumb\":{\"@id\":\"https:\/\/www.tds-events.fr\/evenements-en-autocar\/seminaires\/#breadcrumb\"},\"inLanguage\":\"en-US\",\"potentialAction\":[{\"@type\":\"ReadAction\",\"target\":[\"https:\/\/www.tds-events.fr\/evenements-en-autocar\/seminaires\/\"]}]},{\"@type\":\"BreadcrumbList\",\"@id\":\"https:\/\/www.tds-events.fr\/evenements-en-autocar\/seminaires\/#breadcrumb\",\"itemListElement\":[{\"@type\":\"ListItem\",\"position\":1,\"name\":\"Accueil\",\"item\":\"https:\/\/www.tds-events.fr\/\"},{\"@type\":\"ListItem\",\"position\":2,\"name\":\"\u00c9v\u00e8nements en autocar\",\"item\":\"https:\/\/www.tds-events.fr\/evenements-en-autocar\/\"},{\"@type\":\"ListItem\",\"position\":3,\"name\":\"S\u00e9minaires\"}]},{\"@type\":\"WebSite\",\"@id\":\"https:\/\/www.tds-events.fr\/#website\",\"url\":\"https:\/\/www.tds-events.fr\/\",\"name\":\"TDS Events\",\"description\":\"\",\"potentialAction\":[{\"@type\":\"SearchAction\",\"target\":{\"@type\":\"EntryPoint\",\"urlTemplate\":\"https:\/\/www.tds-events.fr\/?s={search_term_string}\"},\"query-input\":{\"@type\":\"PropertyValueSpecification\",\"valueRequired\":true,\"valueName\":\"search_term_string\"}}],\"inLanguage\":\"en-US\"}]}<\/script>\n<!-- \/ Yoast SEO plugin. -->","yoast_head_json":{"title":"Coach hire for your seminars - TDS Events","description":"Discover our coach rental services for your seminars throughout France. Free quote \u260e\ufe0f 01 40 82 90 86.","robots":{"index":"index","follow":"follow","max-snippet":"max-snippet:-1","max-image-preview":"max-image-preview:large","max-video-preview":"max-video-preview:-1"},"canonical":"https:\/\/www.tds-events.fr\/en\/coach-events\/seminars\/","og_locale":"en_US","og_type":"article","og_title":"Location d'autocars pour vos s\u00e9minaires - TDS Events","og_description":"D\u00e9couvrez nos services de location d'autocar pour vos s\u00e9minaires dans toute la France. Devis gratuit \u260e\ufe0f 01 40 82 90 86.","og_url":"https:\/\/www.tds-events.fr\/en\/coach-events\/seminars\/","og_site_name":"TDS Events","article_modified_time":"2025-03-05T11:43:35+00:00","twitter_card":"summary_large_image","schema":{"@context":"https:\/\/schema.org","@graph":[{"@type":"WebPage","@id":"https:\/\/www.tds-events.fr\/evenements-en-autocar\/seminaires\/","url":"https:\/\/www.tds-events.fr\/evenements-en-autocar\/seminaires\/","name":"Coach hire for your seminars - TDS Events","isPartOf":{"@id":"https:\/\/www.tds-events.fr\/#website"},"datePublished":"2023-09-27T15:11:43+00:00","dateModified":"2025-03-05T11:43:35+00:00","description":"Discover our coach rental services for your seminars throughout France. Free quote \u260e\ufe0f 01 40 82 90 86.","breadcrumb":{"@id":"https:\/\/www.tds-events.fr\/evenements-en-autocar\/seminaires\/#breadcrumb"},"inLanguage":"en-US","potentialAction":[{"@type":"ReadAction","target":["https:\/\/www.tds-events.fr\/evenements-en-autocar\/seminaires\/"]}]},{"@type":"BreadcrumbList","@id":"https:\/\/www.tds-events.fr\/evenements-en-autocar\/seminaires\/#breadcrumb","itemListElement":[{"@type":"ListItem","position":1,"name":"Accueil","item":"https:\/\/www.tds-events.fr\/"},{"@type":"ListItem","position":2,"name":"\u00c9v\u00e8nements en autocar","item":"https:\/\/www.tds-events.fr\/evenements-en-autocar\/"},{"@type":"ListItem","position":3,"name":"S\u00e9minaires"}]},{"@type":"WebSite","@id":"https:\/\/www.tds-events.fr\/#website","url":"https:\/\/www.tds-events.fr\/","name":"TDS Events","description":"","potentialAction":[{"@type":"SearchAction","target":{"@type":"EntryPoint","urlTemplate":"https:\/\/www.tds-events.fr\/?s={search_term_string}"},"query-input":{"@type":"PropertyValueSpecification","valueRequired":true,"valueName":"search_term_string"}}],"inLanguage":"en-US"}]}},"_links":{"self":[{"href":"https:\/\/www.tds-events.fr\/en\/wp-json\/wp\/v2\/pages\/111","targetHints":{"allow":["GET"]}}],"collection":[{"href":"https:\/\/www.tds-events.fr\/en\/wp-json\/wp\/v2\/pages"}],"about":[{"href":"https:\/\/www.tds-events.fr\/en\/wp-json\/wp\/v2\/types\/page"}],"author":[{"embeddable":true,"href":"https:\/\/www.tds-events.fr\/en\/wp-json\/wp\/v2\/users\/1"}],"replies":[{"embeddable":true,"href":"https:\/\/www.tds-events.fr\/en\/wp-json\/wp\/v2\/comments?post=111"}],"version-history":[{"count":48,"href":"https:\/\/www.tds-events.fr\/en\/wp-json\/wp\/v2\/pages\/111\/revisions"}],"predecessor-version":[{"id":597,"href":"https:\/\/www.tds-events.fr\/en\/wp-json\/wp\/v2\/pages\/111\/revisions\/597"}],"up":[{"embeddable":true,"href":"https:\/\/www.tds-events.fr\/en\/wp-json\/wp\/v2\/pages\/103"}],"wp:attachment":[{"href":"https:\/\/www.tds-events.fr\/en\/wp-json\/wp\/v2\/media?parent=111"}],"curies":[{"name":"wp","href":"https:\/\/api.w.org\/{rel}","templated":true}]}}